{"id":56781,"date":"2020-08-26T14:20:39","date_gmt":"2020-08-26T11:20:39","guid":{"rendered":"https:\/\/lielupe.semarahhotels.com\/blogs\/"},"modified":"2025-10-10T13:37:12","modified_gmt":"2025-10-10T10:37:12","slug":"novosti","status":"publish","type":"page","link":"https:\/\/lielupe.semarahhotels.com\/ru\/novosti\/","title":{"rendered":"Blogs"},"content":{"rendered":"<div class=\"row\"  id=\"row-2079736498\">\n\n\t<div id=\"col-2002907712\" class=\"col medium-9 small-12 large-9\"  >\n\t\t\t\t<div class=\"col-inner\"  >\n\t\t\t\n\t\t\t\n\n  \n    <div class=\"row large-columns-1 medium-columns-1 small-columns-1\" >\n  <div class=\"col post-item\" >\n\t\t\t<div class=\"col-inner\">\n\t\t\t\t<div class=\"box box-normal box-text-bottom box-blog-post has-hover\">\n            \t\t\t\t\t<div class=\"box-image\" >\n  \t\t\t\t\t\t<div class=\"image-cover\" style=\"padding-top:56%;\">\n\t\t\t\t\t\t\t<a href=\"https:\/\/lielupe.semarahhotels.com\/ru\/blogs\/%d1%87%d0%b5%d0%bc%d0%bf%d0%b8%d0%be%d0%bd%d0%b0%d1%82%d0%bd%d1%8b%d0%b9-%d0%b1%d1%80%d0%b0%d0%bd%d1%87-%d0%b2-%d0%be%d1%82%d0%b5%d0%bb%d0%b5-lielupe\/\" class=\"plain\" aria-label=\"\u0427\u0435\u043c\u043f\u0438\u043e\u043d\u0430\u0442\u043d\u044b\u0439 \u0431\u0440\u0430\u043d\u0447 \u0432 \u043e\u0442\u0435\u043b\u0435 Lielupe\">\n\t\t\t\t\t\t\t\t<img loading=\"lazy\" decoding=\"async\" width=\"300\" height=\"168\" src=\"https:\/\/lielupe.semarahhotels.com\/wp-content\/uploads\/sites\/3\/2025\/03\/Lielupe_cempionats-300x168.jpeg\" class=\"attachment-medium size-medium wp-post-image\" alt=\"\" srcset=\"https:\/\/lielupe.semarahhotels.com\/wp-content\/uploads\/sites\/3\/2025\/03\/Lielupe_cempionats-300x168.jpeg 300w, https:\/\/lielupe.semarahhotels.com\/wp-content\/uploads\/sites\/3\/2025\/03\/Lielupe_cempionats-768x431.jpeg 768w, https:\/\/lielupe.semarahhotels.com\/wp-content\/uploads\/sites\/3\/2025\/03\/Lielupe_cempionats.jpeg 980w\" sizes=\"auto, (max-width: 300px) 100vw, 300px\" \/>\t\t\t\t\t\t\t<\/a>\n  \t\t\t\t\t\t\t  \t\t\t\t\t\t\t  \t\t\t\t\t\t<\/div>\n  \t\t\t\t\t\t  \t\t\t\t\t<\/div>\n          \t\t\t\t\t<div class=\"box-text text-left\" >\n\t\t\t\t\t<div class=\"box-text-inner blog-post-inner\">\n\n\t\t\t\t\t\n\t\t\t\t\t\t\t\t\t\t<h5 class=\"post-title is-large \">\n\t\t\t\t\t\t<a href=\"https:\/\/lielupe.semarahhotels.com\/ru\/blogs\/%d1%87%d0%b5%d0%bc%d0%bf%d0%b8%d0%be%d0%bd%d0%b0%d1%82%d0%bd%d1%8b%d0%b9-%d0%b1%d1%80%d0%b0%d0%bd%d1%87-%d0%b2-%d0%be%d1%82%d0%b5%d0%bb%d0%b5-lielupe\/\" class=\"plain\">\u0427\u0435\u043c\u043f\u0438\u043e\u043d\u0430\u0442\u043d\u044b\u0439 \u0431\u0440\u0430\u043d\u0447 \u0432 \u043e\u0442\u0435\u043b\u0435 Lielupe<\/a>\n\t\t\t\t\t<\/h5>\n\t\t\t\t\t<div class=\"post-meta is-small op-8\">23 \u043c\u0430\u044f, 2025<\/div>\t\t\t\t\t<div class=\"is-divider\"><\/div>\n\t\t\t\t\t\t\t\t\t\t<p class=\"from_the_blog_excerpt \">\n\t\t\t\t\t\t\u0412 \u043d\u0430\u0447\u0430\u043b\u0435 \u043b\u0435\u0442\u0430 \u0432 \u043e\u0442\u0435\u043b\u0435 Lielupe \u043f\u0440\u043e\u0448\u0435\u043b &#171;\u0427\u0435\u043c\u043f\u0438\u043e\u043d\u0430\u0442\u043d\u044b\u0439 \u0431\u0440\u0430\u043d\u0447&#187;, \u043d\u0430 \u043a\u043e\u0442\u043e\u0440\u043e\u043c \u0433\u043e\u0441\u0442\u0435\u0439 \u043f\u043e\u0440\u0430\u0434\u043e\u0432\u0430\u043b\u0438 \u043f\u043e\u0434\u0434\u0435\u0440\u0436\u043a\u043e\u0439 Semarah Hotels \u043f\u043b\u044f\u0436\u043d\u044b\u0435 \u0432\u043e\u043b\u0435\u0439\u0431\u043e\u043b\u0438\u0441\u0442\u044b \u0410\u043b\u0435\u043a\u0441\u0430\u043d\u0434\u0440 \u0421\u0430\u043c\u043e\u0439\u043b\u043e\u0432 \u0438 \u042f\u043d\u0438\u0441 \u0428\u043c\u0435\u0434\u0438\u043d\u044c\u0448. \u041c\u0435\u0440\u043e\u043f\u0440\u0438\u044f\u0442\u0438\u0435 \u043f\u0440\u043e\u0448\u043b\u043e \u043d\u0430 \u043e\u0442\u043a\u0440\u044b\u0442\u043e\u0439 \u0442\u0435\u0440\u0440\u0430\u0441\u0435 \u0441 \u0432\u0438\u0434\u043e\u043c \u043d\u0430 \u0441\u0442\u043e\u043b\u0435\u0442\u043d\u0438\u0435 \u0441\u043e\u0441\u043d\u044b. \u0413\u043e\u0441\u0442\u0438 \u043c\u043e\u0433\u043b\u0438 \u043d\u0430\u0441\u043b\u0430\u0434\u0438\u0442\u044c\u0441\u044f \u0431\u043b\u044e\u0434\u0430\u043c\u0438, \u043f\u0440\u0438\u0433\u043e\u0442\u043e\u0432\u043b\u0435\u043d\u043d\u044b\u043c\u0438 \u043f\u043e\u0434 \u0440\u0443\u043a\u043e\u0432\u043e\u0434\u0441\u0442\u0432\u043e\u043c \u0448\u0435\u0444-\u043f\u043e\u0432\u0430\u0440\u0430 \u0410\u0439\u043d\u0430\u0440\u0430 \u041f\u0438\u0437\u0430\u043d\u044f, \u0438 \u043f\u0440\u0438\u0441\u0443\u0442\u0441\u0442\u0432\u0438\u0435\u043c \u0441\u043f\u043e\u0440\u0442\u0441\u043c\u0435\u043d\u043e\u0432.\t\t\t\t\t<\/p>\n\t\t\t\t\t                    \n\t\t\t\t\t\n\t\t\t\t\t\n\t\t\t\t\t<\/div>\n\t\t\t\t\t<\/div>\n\t\t\t\t\t\t\t\t\t<\/div>\n\t\t\t<\/div>\n\t\t<\/div><div class=\"col post-item\" >\n\t\t\t<div class=\"col-inner\">\n\t\t\t\t<div class=\"box box-normal box-text-bottom box-blog-post has-hover\">\n            \t\t\t\t\t<div class=\"box-image\" >\n  \t\t\t\t\t\t<div class=\"image-cover\" style=\"padding-top:56%;\">\n\t\t\t\t\t\t\t<a href=\"https:\/\/lielupe.semarahhotels.com\/ru\/blogs\/%d0%be%d1%82%d0%ba%d1%80%d1%8b%d1%82%d0%b8%d0%b5-%d0%b3%d0%be%d1%81%d1%82%d0%b8%d0%bd%d0%b8%d1%86%d1%8b-lielupe-by-semarah-hotels\/\" class=\"plain\" aria-label=\"\u041e\u0442\u043a\u0440\u044b\u0442\u0438\u0435 \u0433\u043e\u0441\u0442\u0438\u043d\u0438\u0446\u044b Lielupe by Semarah Hotels\">\n\t\t\t\t\t\t\t\t<img loading=\"lazy\" decoding=\"async\" width=\"300\" height=\"169\" src=\"https:\/\/lielupe.semarahhotels.com\/wp-content\/uploads\/sites\/3\/2021\/01\/atklasana-new-300x169.jpeg\" class=\"attachment-medium size-medium wp-post-image\" alt=\"\" srcset=\"https:\/\/lielupe.semarahhotels.com\/wp-content\/uploads\/sites\/3\/2021\/01\/atklasana-new-300x169.jpeg 300w, https:\/\/lielupe.semarahhotels.com\/wp-content\/uploads\/sites\/3\/2021\/01\/atklasana-new-1024x578.jpeg 1024w, https:\/\/lielupe.semarahhotels.com\/wp-content\/uploads\/sites\/3\/2021\/01\/atklasana-new-768x434.jpeg 768w, https:\/\/lielupe.semarahhotels.com\/wp-content\/uploads\/sites\/3\/2021\/01\/atklasana-new-1080x610.jpeg 1080w, https:\/\/lielupe.semarahhotels.com\/wp-content\/uploads\/sites\/3\/2021\/01\/atklasana-new-980x553.jpeg 980w, https:\/\/lielupe.semarahhotels.com\/wp-content\/uploads\/sites\/3\/2021\/01\/atklasana-new-480x271.jpeg 480w, https:\/\/lielupe.semarahhotels.com\/wp-content\/uploads\/sites\/3\/2021\/01\/atklasana-new.jpeg 1240w\" sizes=\"auto, (max-width: 300px) 100vw, 300px\" \/>\t\t\t\t\t\t\t<\/a>\n  \t\t\t\t\t\t\t  \t\t\t\t\t\t\t  \t\t\t\t\t\t<\/div>\n  \t\t\t\t\t\t  \t\t\t\t\t<\/div>\n          \t\t\t\t\t<div class=\"box-text text-left\" >\n\t\t\t\t\t<div class=\"box-text-inner blog-post-inner\">\n\n\t\t\t\t\t\n\t\t\t\t\t\t\t\t\t\t<h5 class=\"post-title is-large \">\n\t\t\t\t\t\t<a href=\"https:\/\/lielupe.semarahhotels.com\/ru\/blogs\/%d0%be%d1%82%d0%ba%d1%80%d1%8b%d1%82%d0%b8%d0%b5-%d0%b3%d0%be%d1%81%d1%82%d0%b8%d0%bd%d0%b8%d1%86%d1%8b-lielupe-by-semarah-hotels\/\" class=\"plain\">\u041e\u0442\u043a\u0440\u044b\u0442\u0438\u0435 \u0433\u043e\u0441\u0442\u0438\u043d\u0438\u0446\u044b Lielupe by Semarah Hotels<\/a>\n\t\t\t\t\t<\/h5>\n\t\t\t\t\t<div class=\"post-meta is-small op-8\">1 \u0438\u044e\u043b\u044f, 2016<\/div>\t\t\t\t\t<div class=\"is-divider\"><\/div>\n\t\t\t\t\t\t\t\t\t\t<p class=\"from_the_blog_excerpt \">\n\t\t\t\t\t\t\u0412 \u042e\u0440\u043c\u0430\u043b\u0435 \u043e\u0442\u043a\u0440\u044b\u043b\u0441\u044f \u0447\u0435\u0442\u044b\u0440\u0435\u0445\u0437\u0432\u0435\u0437\u0434\u043e\u0447\u043d\u044b\u0439 \u043e\u0442\u0435\u043b\u044c.\t\t\t\t\t<\/p>\n\t\t\t\t\t                    \n\t\t\t\t\t\n\t\t\t\t\t\n\t\t\t\t\t<\/div>\n\t\t\t\t\t<\/div>\n\t\t\t\t\t\t\t\t\t<\/div>\n\t\t\t<\/div>\n\t\t<\/div><\/div>\n\t\t<\/div>\n\t\t\t\t\t<\/div>\n\n\t\n\n\t<div id=\"col-474584659\" class=\"col medium-3 small-12 large-3\"  >\n\t\t\t\t<div class=\"col-inner\"  >\n\t\t\t\n\t\t\t\n<div class=\"row row-full-width\"  id=\"row-1133813307\">\n\n\n\t<div id=\"col-641417897\" class=\"col small-12 large-12\"  >\n\t\t\t\t<div class=\"col-inner\"  >\n\t\t\t\n\t\t\t\n\n\t<div id=\"text-2147903022\" class=\"text\">\n\t\t\n\n<h2>Izv\u0113lieties viesn\u012bcu<\/h2>\n\t\t\n<style>\n#text-2147903022 {\n  text-align: center;\n}\n<\/style>\n\t<\/div>\n\t\n\n\t\t<\/div>\n\t\t\t\t\t<\/div>\n\n\t\n\n\t<div id=\"col-1370846466\" class=\"col small-12 large-12\"  >\n\t\t\t\t<div class=\"col-inner\"  >\n\t\t\t\n\t\t\t\n\n\n  <div class=\"banner has-hover active\" id=\"banner-2100533507\">\n          <div class=\"banner-inner fill\">\n        <div class=\"banner-bg fill\" >\n                                    <div class=\"overlay\"><\/div>            \n                    <\/div>\n\t\t\n        <div class=\"banner-layers container\">\n            <a class=\"fill\" href=\"https:\/\/semarahhotels.com\/blogs\/\" target=\"_blank\" rel=\"noopener\" ><div class=\"fill banner-link\"><\/div><\/a>            \n\n   <div id=\"text-box-759907936\" class=\"text-box banner-layer x50 md-x50 lg-x50 y50 md-y50 lg-y50 res-text\">\n                                <div class=\"text-box-content text dark\">\n              \n              <div class=\"text-inner text-center\">\n                  \n\n\t<div class=\"img has-hover x md-x lg-x y md-y lg-y\" id=\"image_2117648626\">\n\t\t\t\t\t\t\t\t<div class=\"img-inner dark\" >\n\t\t\t<img loading=\"lazy\" decoding=\"async\" width=\"1020\" height=\"144\" src=\"https:\/\/lielupe.semarahhotels.com\/wp-content\/uploads\/sites\/3\/2025\/01\/Semarah_black.svg\" class=\"attachment-large size-large\" alt=\"\" \/>\t\t\t\t\t\t\n\t\t\t\t\t<\/div>\n\t\t\t\t\t\t\t\t\n<style>\n#image_2117648626 {\n  width: 100%;\n}\n<\/style>\n\t<\/div>\n\t\n\n\n              <\/div>\n           <\/div>\n                            \n<style>\n#text-box-759907936 {\n  width: 60%;\n}\n#text-box-759907936 .text-box-content {\n  font-size: 100%;\n}\n<\/style>\n    <\/div>\n \n\n        <\/div>\n      <\/div>\n\n            \n<style>\n#banner-2100533507 {\n  padding-top: 80px;\n  background-color: rgba(0, 0, 0, 0.05);\n}\n#banner-2100533507 .overlay {\n  background-color: rgba(0, 0, 0, 0.1);\n}\n<\/style>\n  <\/div>\n\n\n\n\t\t<\/div>\n\t\t\t\t\t<\/div>\n\n\t\n\n\t<div id=\"col-589046005\" class=\"col small-12 large-12\"  >\n\t\t\t\t<div class=\"col-inner text-center dark\"  >\n\t\t\t\n\t\t\t\n\n\n  <div class=\"banner has-hover active\" id=\"banner-465993790\">\n          <div class=\"banner-inner fill\">\n        <div class=\"banner-bg fill\" >\n                                    <div class=\"overlay\"><\/div>            \n                    <\/div>\n\t\t\n        <div class=\"banner-layers container\">\n            <a class=\"fill\" href=\"https:\/\/lielupe.semarahhotels.com\/blogs\/\" target=\"_blank\" rel=\"noopener\" ><div class=\"fill banner-link\"><\/div><\/a>            \n\n   <div id=\"text-box-112971700\" class=\"text-box banner-layer x50 md-x50 lg-x50 y50 md-y50 lg-y50 res-text\">\n                                <div class=\"text-box-content text dark\">\n              \n              <div class=\"text-inner text-center\">\n                  \n\n\t<div class=\"img has-hover x md-x lg-x y md-y lg-y\" id=\"image_276717608\">\n\t\t\t\t\t\t\t\t<div class=\"img-inner dark\" >\n\t\t\t<img loading=\"lazy\" decoding=\"async\" width=\"1020\" height=\"259\" src=\"https:\/\/lielupe.semarahhotels.com\/wp-content\/uploads\/sites\/3\/2025\/01\/Lielupe_white_V2.svg\" class=\"attachment-large size-large\" alt=\"\" \/>\t\t\t\t\t\t\n\t\t\t\t\t<\/div>\n\t\t\t\t\t\t\t\t\n<style>\n#image_276717608 {\n  width: 100%;\n}\n<\/style>\n\t<\/div>\n\t\n\n\n              <\/div>\n           <\/div>\n                            \n<style>\n#text-box-112971700 {\n  width: 44%;\n}\n#text-box-112971700 .text-box-content {\n  font-size: 100%;\n}\n<\/style>\n    <\/div>\n \n\n        <\/div>\n      <\/div>\n\n            \n<style>\n#banner-465993790 {\n  padding-top: 80px;\n  background-color: rgba(0, 0, 0, 0.05);\n}\n#banner-465993790 .overlay {\n  background-color: rgb(69, 75, 79);\n}\n<\/style>\n  <\/div>\n\n\n\n\t\t<\/div>\n\t\t\t\t\t<\/div>\n\n\t\n\n<\/div>\n<div class=\"row row-full-width\"  id=\"row-2117009000\">\n\n\n\t<div id=\"col-1267449574\" class=\"col small-12 large-12\"  >\n\t\t\t\t<div class=\"col-inner\"  >\n\t\t\t\n\t\t\t\n\n\n  <div class=\"banner has-hover\" id=\"banner-1046525996\">\n          <div class=\"banner-inner fill\">\n        <div class=\"banner-bg fill\" >\n                                    <div class=\"overlay\"><\/div>            \n                    <\/div>\n\t\t\n        <div class=\"banner-layers container\">\n            <a class=\"fill\" href=\"https:\/\/grandpoet.semarahhotels.com\/blogs\/\" target=\"_blank\" rel=\"noopener\" ><div class=\"fill banner-link\"><\/div><\/a>            \n\n   <div id=\"text-box-507026566\" class=\"text-box banner-layer x50 md-x50 lg-x50 y50 md-y50 lg-y50 res-text\">\n                                <div class=\"text-box-content text dark\">\n              \n              <div class=\"text-inner text-center\">\n                  \n\n\t<div class=\"img has-hover x md-x lg-x y md-y lg-y\" id=\"image_1940534012\">\n\t\t\t\t\t\t\t\t<div class=\"img-inner dark\" >\n\t\t\t<img loading=\"lazy\" decoding=\"async\" width=\"1020\" height=\"400\" src=\"https:\/\/lielupe.semarahhotels.com\/wp-content\/uploads\/sites\/3\/2025\/01\/GrandPoet_black.svg\" class=\"attachment-large size-large\" alt=\"\" \/>\t\t\t\t\t\t\n\t\t\t\t\t<\/div>\n\t\t\t\t\t\t\t\t\n<style>\n#image_1940534012 {\n  width: 100%;\n}\n<\/style>\n\t<\/div>\n\t\n\n\n              <\/div>\n           <\/div>\n                            \n<style>\n#text-box-507026566 {\n  width: 45%;\n}\n#text-box-507026566 .text-box-content {\n  font-size: 100%;\n}\n<\/style>\n    <\/div>\n \n\n        <\/div>\n      <\/div>\n\n            \n<style>\n#banner-1046525996 {\n  padding-top: 80px;\n  background-color: rgba(0, 0, 0, 0.05);\n}\n#banner-1046525996 .overlay {\n  background-color: rgba(0, 0, 0, 0.1);\n}\n<\/style>\n  <\/div>\n\n\n\n\t\t<\/div>\n\t\t\t\t\t<\/div>\n\n\t\n\n\n<\/div>\n\t\t<\/div>\n\t\t\t\t\t<\/div>\n\n\t\n\n<style>\n#row-2079736498 > .col > .col-inner {\n  padding: 40px 0px 0px 0px;\n}\n<\/style>\n<\/div>\n","protected":false},"excerpt":{"rendered":"","protected":false},"author":1,"featured_media":0,"parent":0,"menu_order":47,"comment_status":"closed","ping_status":"closed","template":"page-blank.php","meta":{"_acf_changed":false,"inline_featured_image":false,"footnotes":""},"class_list":["post-56781","page","type-page","status-publish","hentry"],"acf":[],"yoast_head":"<!-- This site is optimized with the Yoast SEO plugin v26.2 - https:\/\/yoast.com\/wordpress\/plugins\/seo\/ -->\n<title>Jaunumi, zi\u0146as un notikumi Semarah hotels viesn\u012bc\u0101s!<\/title>\n<meta name=\"description\" content=\"Viss J\u016bsu atp\u016btai un lab\u0101kajiem dz\u012bves notikumiem. No nak\u0161\u0146o\u0161anas l\u012bdz pat m\u0101kslas baud\u012b\u0161anai R\u012bg\u0101 un J\u016brmal\u0101.\" \/>\n<meta name=\"robots\" content=\"index, follow, max-snippet:-1, max-image-preview:large, max-video-preview:-1\" \/>\n<link rel=\"canonical\" href=\"https:\/\/lielupe.semarahhotels.com\/ru\/novosti\/\" \/>\n<meta property=\"og:locale\" content=\"ru_RU\" \/>\n<meta property=\"og:type\" content=\"article\" \/>\n<meta property=\"og:title\" content=\"Jaunumi, zi\u0146as un notikumi Semarah hotels viesn\u012bc\u0101s!\" \/>\n<meta property=\"og:description\" content=\"Viss J\u016bsu atp\u016btai un lab\u0101kajiem dz\u012bves notikumiem. No nak\u0161\u0146o\u0161anas l\u012bdz pat m\u0101kslas baud\u012b\u0161anai R\u012bg\u0101 un J\u016brmal\u0101.\" \/>\n<meta property=\"og:url\" content=\"https:\/\/lielupe.semarahhotels.com\/ru\/novosti\/\" \/>\n<meta property=\"og:site_name\" content=\"Semarah Lielupe\" \/>\n<meta property=\"article:publisher\" content=\"https:\/\/www.facebook.com\/GrandPoetHotel\/\" \/>\n<meta property=\"article:modified_time\" content=\"2025-10-10T10:37:12+00:00\" \/>\n<meta name=\"twitter:card\" content=\"summary_large_image\" \/>\n<script type=\"application\/ld+json\" class=\"yoast-schema-graph\">{\"@context\":\"https:\/\/schema.org\",\"@graph\":[{\"@type\":\"WebPage\",\"@id\":\"https:\/\/lielupe.semarahhotels.com\/ru\/novosti\/\",\"url\":\"https:\/\/lielupe.semarahhotels.com\/ru\/novosti\/\",\"name\":\"Jaunumi, zi\u0146as un notikumi Semarah hotels viesn\u012bc\u0101s!\",\"isPartOf\":{\"@id\":\"https:\/\/lielupe.semarahhotels.com\/ru\/#website\"},\"datePublished\":\"2020-08-26T11:20:39+00:00\",\"dateModified\":\"2025-10-10T10:37:12+00:00\",\"description\":\"Viss J\u016bsu atp\u016btai un lab\u0101kajiem dz\u012bves notikumiem. No nak\u0161\u0146o\u0161anas l\u012bdz pat m\u0101kslas baud\u012b\u0161anai R\u012bg\u0101 un J\u016brmal\u0101.\",\"inLanguage\":\"ru-RU\",\"potentialAction\":[{\"@type\":\"ReadAction\",\"target\":[\"https:\/\/lielupe.semarahhotels.com\/ru\/novosti\/\"]}]},{\"@type\":\"WebSite\",\"@id\":\"https:\/\/lielupe.semarahhotels.com\/ru\/#website\",\"url\":\"https:\/\/lielupe.semarahhotels.com\/ru\/\",\"name\":\"Semarah Lielupe\",\"description\":\"Semarah\",\"publisher\":{\"@id\":\"https:\/\/lielupe.semarahhotels.com\/ru\/#organization\"},\"potentialAction\":[{\"@type\":\"SearchAction\",\"target\":{\"@type\":\"EntryPoint\",\"urlTemplate\":\"https:\/\/lielupe.semarahhotels.com\/ru\/?s={search_term_string}\"},\"query-input\":{\"@type\":\"PropertyValueSpecification\",\"valueRequired\":true,\"valueName\":\"search_term_string\"}}],\"inLanguage\":\"ru-RU\"},{\"@type\":\"Organization\",\"@id\":\"https:\/\/lielupe.semarahhotels.com\/ru\/#organization\",\"name\":\"Semarah Lielupe\",\"url\":\"https:\/\/lielupe.semarahhotels.com\/ru\/\",\"logo\":{\"@type\":\"ImageObject\",\"inLanguage\":\"ru-RU\",\"@id\":\"https:\/\/lielupe.semarahhotels.com\/ru\/#\/schema\/logo\/image\/\",\"url\":\"https:\/\/lielupe.semarahhotels.com\/wp-content\/uploads\/sites\/3\/2020\/07\/lielupe_logo.svg\",\"contentUrl\":\"https:\/\/lielupe.semarahhotels.com\/wp-content\/uploads\/sites\/3\/2020\/07\/lielupe_logo.svg\",\"width\":\"1024\",\"height\":\"1024\",\"caption\":\"Semarah Lielupe\"},\"image\":{\"@id\":\"https:\/\/lielupe.semarahhotels.com\/ru\/#\/schema\/logo\/image\/\"},\"sameAs\":[\"https:\/\/www.facebook.com\/GrandPoetHotel\/\",\"https:\/\/www.instagram.com\/grandpoet_by_semarah\/\",\"https:\/\/www.linkedin.com\/company\/semarah-hotels\/\",\"https:\/\/www.youtube.com\/channel\/UCAR3prVpRXUzefyNHB-f-VQ?view_as=subscriber\"]}]}<\/script>\n<!-- \/ Yoast SEO plugin. -->","yoast_head_json":{"title":"Jaunumi, zi\u0146as un notikumi Semarah hotels viesn\u012bc\u0101s!","description":"Viss J\u016bsu atp\u016btai un lab\u0101kajiem dz\u012bves notikumiem. No nak\u0161\u0146o\u0161anas l\u012bdz pat m\u0101kslas baud\u012b\u0161anai R\u012bg\u0101 un J\u016brmal\u0101.","robots":{"index":"index","follow":"follow","max-snippet":"max-snippet:-1","max-image-preview":"max-image-preview:large","max-video-preview":"max-video-preview:-1"},"canonical":"https:\/\/lielupe.semarahhotels.com\/ru\/novosti\/","og_locale":"ru_RU","og_type":"article","og_title":"Jaunumi, zi\u0146as un notikumi Semarah hotels viesn\u012bc\u0101s!","og_description":"Viss J\u016bsu atp\u016btai un lab\u0101kajiem dz\u012bves notikumiem. No nak\u0161\u0146o\u0161anas l\u012bdz pat m\u0101kslas baud\u012b\u0161anai R\u012bg\u0101 un J\u016brmal\u0101.","og_url":"https:\/\/lielupe.semarahhotels.com\/ru\/novosti\/","og_site_name":"Semarah Lielupe","article_publisher":"https:\/\/www.facebook.com\/GrandPoetHotel\/","article_modified_time":"2025-10-10T10:37:12+00:00","twitter_card":"summary_large_image","schema":{"@context":"https:\/\/schema.org","@graph":[{"@type":"WebPage","@id":"https:\/\/lielupe.semarahhotels.com\/ru\/novosti\/","url":"https:\/\/lielupe.semarahhotels.com\/ru\/novosti\/","name":"Jaunumi, zi\u0146as un notikumi Semarah hotels viesn\u012bc\u0101s!","isPartOf":{"@id":"https:\/\/lielupe.semarahhotels.com\/ru\/#website"},"datePublished":"2020-08-26T11:20:39+00:00","dateModified":"2025-10-10T10:37:12+00:00","description":"Viss J\u016bsu atp\u016btai un lab\u0101kajiem dz\u012bves notikumiem. No nak\u0161\u0146o\u0161anas l\u012bdz pat m\u0101kslas baud\u012b\u0161anai R\u012bg\u0101 un J\u016brmal\u0101.","inLanguage":"ru-RU","potentialAction":[{"@type":"ReadAction","target":["https:\/\/lielupe.semarahhotels.com\/ru\/novosti\/"]}]},{"@type":"WebSite","@id":"https:\/\/lielupe.semarahhotels.com\/ru\/#website","url":"https:\/\/lielupe.semarahhotels.com\/ru\/","name":"Semarah Lielupe","description":"Semarah","publisher":{"@id":"https:\/\/lielupe.semarahhotels.com\/ru\/#organization"},"potentialAction":[{"@type":"SearchAction","target":{"@type":"EntryPoint","urlTemplate":"https:\/\/lielupe.semarahhotels.com\/ru\/?s={search_term_string}"},"query-input":{"@type":"PropertyValueSpecification","valueRequired":true,"valueName":"search_term_string"}}],"inLanguage":"ru-RU"},{"@type":"Organization","@id":"https:\/\/lielupe.semarahhotels.com\/ru\/#organization","name":"Semarah Lielupe","url":"https:\/\/lielupe.semarahhotels.com\/ru\/","logo":{"@type":"ImageObject","inLanguage":"ru-RU","@id":"https:\/\/lielupe.semarahhotels.com\/ru\/#\/schema\/logo\/image\/","url":"https:\/\/lielupe.semarahhotels.com\/wp-content\/uploads\/sites\/3\/2020\/07\/lielupe_logo.svg","contentUrl":"https:\/\/lielupe.semarahhotels.com\/wp-content\/uploads\/sites\/3\/2020\/07\/lielupe_logo.svg","width":"1024","height":"1024","caption":"Semarah Lielupe"},"image":{"@id":"https:\/\/lielupe.semarahhotels.com\/ru\/#\/schema\/logo\/image\/"},"sameAs":["https:\/\/www.facebook.com\/GrandPoetHotel\/","https:\/\/www.instagram.com\/grandpoet_by_semarah\/","https:\/\/www.linkedin.com\/company\/semarah-hotels\/","https:\/\/www.youtube.com\/channel\/UCAR3prVpRXUzefyNHB-f-VQ?view_as=subscriber"]}]}},"_links":{"self":[{"href":"https:\/\/lielupe.semarahhotels.com\/ru\/wp-json\/wp\/v2\/pages\/56781","targetHints":{"allow":["GET"]}}],"collection":[{"href":"https:\/\/lielupe.semarahhotels.com\/ru\/wp-json\/wp\/v2\/pages"}],"about":[{"href":"https:\/\/lielupe.semarahhotels.com\/ru\/wp-json\/wp\/v2\/types\/page"}],"author":[{"embeddable":true,"href":"https:\/\/lielupe.semarahhotels.com\/ru\/wp-json\/wp\/v2\/users\/1"}],"replies":[{"embeddable":true,"href":"https:\/\/lielupe.semarahhotels.com\/ru\/wp-json\/wp\/v2\/comments?post=56781"}],"version-history":[{"count":1,"href":"https:\/\/lielupe.semarahhotels.com\/ru\/wp-json\/wp\/v2\/pages\/56781\/revisions"}],"predecessor-version":[{"id":61607,"href":"https:\/\/lielupe.semarahhotels.com\/ru\/wp-json\/wp\/v2\/pages\/56781\/revisions\/61607"}],"wp:attachment":[{"href":"https:\/\/lielupe.semarahhotels.com\/ru\/wp-json\/wp\/v2\/media?parent=56781"}],"curies":[{"name":"wp","href":"https:\/\/api.w.org\/{rel}","templated":true}]}}