{"id":56778,"date":"2020-08-26T14:20:39","date_gmt":"2020-08-26T11:20:39","guid":{"rendered":"https:\/\/lielupe.semarahhotels.com\/blogs\/"},"modified":"2025-10-10T13:37:08","modified_gmt":"2025-10-10T10:37:08","slug":"blogi","status":"publish","type":"page","link":"https:\/\/lielupe.semarahhotels.com\/et\/blogi\/","title":{"rendered":"Blogs"},"content":{"rendered":"<div class=\"row\"  id=\"row-221474867\">\n\n\t<div id=\"col-2122790534\" class=\"col medium-9 small-12 large-9\"  >\n\t\t\t\t<div class=\"col-inner\"  >\n\t\t\t\n\t\t\t\n\n  \n    <div class=\"row large-columns-1 medium-columns-1 small-columns-1\" >\n  <\/div>\n\t\t<\/div>\n\t\t\t\t\t<\/div>\n\n\t\n\n\t<div id=\"col-467046989\" class=\"col medium-3 small-12 large-3\"  >\n\t\t\t\t<div class=\"col-inner\"  >\n\t\t\t\n\t\t\t\n<div class=\"row row-full-width\"  id=\"row-1004887877\">\n\n\n\t<div id=\"col-1337077565\" class=\"col small-12 large-12\"  >\n\t\t\t\t<div class=\"col-inner\"  >\n\t\t\t\n\t\t\t\n\n\t<div id=\"text-2118827103\" class=\"text\">\n\t\t\n\n<h2>Izv\u0113lieties viesn\u012bcu<\/h2>\n\t\t\n<style>\n#text-2118827103 {\n  text-align: center;\n}\n<\/style>\n\t<\/div>\n\t\n\n\t\t<\/div>\n\t\t\t\t\t<\/div>\n\n\t\n\n\t<div id=\"col-521259287\" class=\"col small-12 large-12\"  >\n\t\t\t\t<div class=\"col-inner\"  >\n\t\t\t\n\t\t\t\n\n\n  <div class=\"banner has-hover active\" id=\"banner-1766606589\">\n          <div class=\"banner-inner fill\">\n        <div class=\"banner-bg fill\" >\n                                    <div class=\"overlay\"><\/div>            \n                    <\/div>\n\t\t\n        <div class=\"banner-layers container\">\n            <a class=\"fill\" href=\"https:\/\/semarahhotels.com\/blogs\/\" target=\"_blank\" rel=\"noopener\" ><div class=\"fill banner-link\"><\/div><\/a>            \n\n   <div id=\"text-box-73324422\" class=\"text-box banner-layer x50 md-x50 lg-x50 y50 md-y50 lg-y50 res-text\">\n                                <div class=\"text-box-content text dark\">\n              \n              <div class=\"text-inner text-center\">\n                  \n\n\t<div class=\"img has-hover x md-x lg-x y md-y lg-y\" id=\"image_2055848363\">\n\t\t\t\t\t\t\t\t<div class=\"img-inner dark\" >\n\t\t\t<img loading=\"lazy\" decoding=\"async\" width=\"1020\" height=\"144\" src=\"https:\/\/lielupe.semarahhotels.com\/wp-content\/uploads\/sites\/3\/2025\/01\/Semarah_black.svg\" class=\"attachment-large size-large\" alt=\"\" \/>\t\t\t\t\t\t\n\t\t\t\t\t<\/div>\n\t\t\t\t\t\t\t\t\n<style>\n#image_2055848363 {\n  width: 100%;\n}\n<\/style>\n\t<\/div>\n\t\n\n\n              <\/div>\n           <\/div>\n                            \n<style>\n#text-box-73324422 {\n  width: 60%;\n}\n#text-box-73324422 .text-box-content {\n  font-size: 100%;\n}\n<\/style>\n    <\/div>\n \n\n        <\/div>\n      <\/div>\n\n            \n<style>\n#banner-1766606589 {\n  padding-top: 80px;\n  background-color: rgba(0, 0, 0, 0.05);\n}\n#banner-1766606589 .overlay {\n  background-color: rgba(0, 0, 0, 0.1);\n}\n<\/style>\n  <\/div>\n\n\n\n\t\t<\/div>\n\t\t\t\t\t<\/div>\n\n\t\n\n\t<div id=\"col-1766391675\" class=\"col small-12 large-12\"  >\n\t\t\t\t<div class=\"col-inner text-center dark\"  >\n\t\t\t\n\t\t\t\n\n\n  <div class=\"banner has-hover active\" id=\"banner-1946731519\">\n          <div class=\"banner-inner fill\">\n        <div class=\"banner-bg fill\" >\n                                    <div class=\"overlay\"><\/div>            \n                    <\/div>\n\t\t\n        <div class=\"banner-layers container\">\n            <a class=\"fill\" href=\"https:\/\/lielupe.semarahhotels.com\/blogs\/\" target=\"_blank\" rel=\"noopener\" ><div class=\"fill banner-link\"><\/div><\/a>            \n\n   <div id=\"text-box-731659524\" class=\"text-box banner-layer x50 md-x50 lg-x50 y50 md-y50 lg-y50 res-text\">\n                                <div class=\"text-box-content text dark\">\n              \n              <div class=\"text-inner text-center\">\n                  \n\n\t<div class=\"img has-hover x md-x lg-x y md-y lg-y\" id=\"image_1634384037\">\n\t\t\t\t\t\t\t\t<div class=\"img-inner dark\" >\n\t\t\t<img loading=\"lazy\" decoding=\"async\" width=\"1020\" height=\"259\" src=\"https:\/\/lielupe.semarahhotels.com\/wp-content\/uploads\/sites\/3\/2025\/01\/Lielupe_white_V2.svg\" class=\"attachment-large size-large\" alt=\"\" \/>\t\t\t\t\t\t\n\t\t\t\t\t<\/div>\n\t\t\t\t\t\t\t\t\n<style>\n#image_1634384037 {\n  width: 100%;\n}\n<\/style>\n\t<\/div>\n\t\n\n\n              <\/div>\n           <\/div>\n                            \n<style>\n#text-box-731659524 {\n  width: 44%;\n}\n#text-box-731659524 .text-box-content {\n  font-size: 100%;\n}\n<\/style>\n    <\/div>\n \n\n        <\/div>\n      <\/div>\n\n            \n<style>\n#banner-1946731519 {\n  padding-top: 80px;\n  background-color: rgba(0, 0, 0, 0.05);\n}\n#banner-1946731519 .overlay {\n  background-color: rgb(69, 75, 79);\n}\n<\/style>\n  <\/div>\n\n\n\n\t\t<\/div>\n\t\t\t\t\t<\/div>\n\n\t\n\n<\/div>\n<div class=\"row row-full-width\"  id=\"row-2081114433\">\n\n\n\t<div id=\"col-1627468022\" class=\"col small-12 large-12\"  >\n\t\t\t\t<div class=\"col-inner\"  >\n\t\t\t\n\t\t\t\n\n\n  <div class=\"banner has-hover\" id=\"banner-603279992\">\n          <div class=\"banner-inner fill\">\n        <div class=\"banner-bg fill\" >\n                                    <div class=\"overlay\"><\/div>            \n                    <\/div>\n\t\t\n        <div class=\"banner-layers container\">\n            <a class=\"fill\" href=\"https:\/\/grandpoet.semarahhotels.com\/blogs\/\" target=\"_blank\" rel=\"noopener\" ><div class=\"fill banner-link\"><\/div><\/a>            \n\n   <div id=\"text-box-255935462\" class=\"text-box banner-layer x50 md-x50 lg-x50 y50 md-y50 lg-y50 res-text\">\n                                <div class=\"text-box-content text dark\">\n              \n              <div class=\"text-inner text-center\">\n                  \n\n\t<div class=\"img has-hover x md-x lg-x y md-y lg-y\" id=\"image_1348827194\">\n\t\t\t\t\t\t\t\t<div class=\"img-inner dark\" >\n\t\t\t<img loading=\"lazy\" decoding=\"async\" width=\"1020\" height=\"400\" src=\"https:\/\/lielupe.semarahhotels.com\/wp-content\/uploads\/sites\/3\/2025\/01\/GrandPoet_black.svg\" class=\"attachment-large size-large\" alt=\"\" \/>\t\t\t\t\t\t\n\t\t\t\t\t<\/div>\n\t\t\t\t\t\t\t\t\n<style>\n#image_1348827194 {\n  width: 100%;\n}\n<\/style>\n\t<\/div>\n\t\n\n\n              <\/div>\n           <\/div>\n                            \n<style>\n#text-box-255935462 {\n  width: 45%;\n}\n#text-box-255935462 .text-box-content {\n  font-size: 100%;\n}\n<\/style>\n    <\/div>\n \n\n        <\/div>\n      <\/div>\n\n            \n<style>\n#banner-603279992 {\n  padding-top: 80px;\n  background-color: rgba(0, 0, 0, 0.05);\n}\n#banner-603279992 .overlay {\n  background-color: rgba(0, 0, 0, 0.1);\n}\n<\/style>\n  <\/div>\n\n\n\n\t\t<\/div>\n\t\t\t\t\t<\/div>\n\n\t\n\n\n<\/div>\n\t\t<\/div>\n\t\t\t\t\t<\/div>\n\n\t\n\n<style>\n#row-221474867 > .col > .col-inner {\n  padding: 40px 0px 0px 0px;\n}\n<\/style>\n<\/div>\n","protected":false},"excerpt":{"rendered":"","protected":false},"author":1,"featured_media":0,"parent":0,"menu_order":48,"comment_status":"closed","ping_status":"closed","template":"page-blank.php","meta":{"_acf_changed":false,"inline_featured_image":false,"footnotes":""},"class_list":["post-56778","page","type-page","status-publish","hentry"],"acf":[],"yoast_head":"<!-- This site is optimized with the Yoast SEO plugin v26.2 - https:\/\/yoast.com\/wordpress\/plugins\/seo\/ -->\n<title>Jaunumi, zi\u0146as un notikumi Semarah hotels viesn\u012bc\u0101s!<\/title>\n<meta name=\"description\" content=\"Viss J\u016bsu atp\u016btai un lab\u0101kajiem dz\u012bves notikumiem. No nak\u0161\u0146o\u0161anas l\u012bdz pat m\u0101kslas baud\u012b\u0161anai R\u012bg\u0101 un J\u016brmal\u0101.\" \/>\n<meta name=\"robots\" content=\"index, follow, max-snippet:-1, max-image-preview:large, max-video-preview:-1\" \/>\n<link rel=\"canonical\" href=\"https:\/\/lielupe.semarahhotels.com\/et\/blogi\/\" \/>\n<meta property=\"og:locale\" content=\"et_EE\" \/>\n<meta property=\"og:type\" content=\"article\" \/>\n<meta property=\"og:title\" content=\"Jaunumi, zi\u0146as un notikumi Semarah hotels viesn\u012bc\u0101s!\" \/>\n<meta property=\"og:description\" content=\"Viss J\u016bsu atp\u016btai un lab\u0101kajiem dz\u012bves notikumiem. No nak\u0161\u0146o\u0161anas l\u012bdz pat m\u0101kslas baud\u012b\u0161anai R\u012bg\u0101 un J\u016brmal\u0101.\" \/>\n<meta property=\"og:url\" content=\"https:\/\/lielupe.semarahhotels.com\/et\/blogi\/\" \/>\n<meta property=\"og:site_name\" content=\"Semarah Lielupe\" \/>\n<meta property=\"article:publisher\" content=\"https:\/\/www.facebook.com\/GrandPoetHotel\/\" \/>\n<meta property=\"article:modified_time\" content=\"2025-10-10T10:37:08+00:00\" \/>\n<meta name=\"twitter:card\" content=\"summary_large_image\" \/>\n<script type=\"application\/ld+json\" class=\"yoast-schema-graph\">{\"@context\":\"https:\/\/schema.org\",\"@graph\":[{\"@type\":\"WebPage\",\"@id\":\"https:\/\/lielupe.semarahhotels.com\/et\/blogi\/\",\"url\":\"https:\/\/lielupe.semarahhotels.com\/et\/blogi\/\",\"name\":\"Jaunumi, zi\u0146as un notikumi Semarah hotels viesn\u012bc\u0101s!\",\"isPartOf\":{\"@id\":\"https:\/\/lielupe.semarahhotels.com\/et\/#website\"},\"datePublished\":\"2020-08-26T11:20:39+00:00\",\"dateModified\":\"2025-10-10T10:37:08+00:00\",\"description\":\"Viss J\u016bsu atp\u016btai un lab\u0101kajiem dz\u012bves notikumiem. No nak\u0161\u0146o\u0161anas l\u012bdz pat m\u0101kslas baud\u012b\u0161anai R\u012bg\u0101 un J\u016brmal\u0101.\",\"inLanguage\":\"et\",\"potentialAction\":[{\"@type\":\"ReadAction\",\"target\":[\"https:\/\/lielupe.semarahhotels.com\/et\/blogi\/\"]}]},{\"@type\":\"WebSite\",\"@id\":\"https:\/\/lielupe.semarahhotels.com\/et\/#website\",\"url\":\"https:\/\/lielupe.semarahhotels.com\/et\/\",\"name\":\"Semarah Lielupe\",\"description\":\"Semarah\",\"publisher\":{\"@id\":\"https:\/\/lielupe.semarahhotels.com\/et\/#organization\"},\"potentialAction\":[{\"@type\":\"SearchAction\",\"target\":{\"@type\":\"EntryPoint\",\"urlTemplate\":\"https:\/\/lielupe.semarahhotels.com\/et\/?s={search_term_string}\"},\"query-input\":{\"@type\":\"PropertyValueSpecification\",\"valueRequired\":true,\"valueName\":\"search_term_string\"}}],\"inLanguage\":\"et\"},{\"@type\":\"Organization\",\"@id\":\"https:\/\/lielupe.semarahhotels.com\/et\/#organization\",\"name\":\"Semarah Lielupe\",\"url\":\"https:\/\/lielupe.semarahhotels.com\/et\/\",\"logo\":{\"@type\":\"ImageObject\",\"inLanguage\":\"et\",\"@id\":\"https:\/\/lielupe.semarahhotels.com\/et\/#\/schema\/logo\/image\/\",\"url\":\"https:\/\/lielupe.semarahhotels.com\/wp-content\/uploads\/sites\/3\/2020\/07\/lielupe_logo.svg\",\"contentUrl\":\"https:\/\/lielupe.semarahhotels.com\/wp-content\/uploads\/sites\/3\/2020\/07\/lielupe_logo.svg\",\"width\":\"1024\",\"height\":\"1024\",\"caption\":\"Semarah Lielupe\"},\"image\":{\"@id\":\"https:\/\/lielupe.semarahhotels.com\/et\/#\/schema\/logo\/image\/\"},\"sameAs\":[\"https:\/\/www.facebook.com\/GrandPoetHotel\/\",\"https:\/\/www.instagram.com\/grandpoet_by_semarah\/\",\"https:\/\/www.linkedin.com\/company\/semarah-hotels\/\",\"https:\/\/www.youtube.com\/channel\/UCAR3prVpRXUzefyNHB-f-VQ?view_as=subscriber\"]}]}<\/script>\n<!-- \/ Yoast SEO plugin. -->","yoast_head_json":{"title":"Jaunumi, zi\u0146as un notikumi Semarah hotels viesn\u012bc\u0101s!","description":"Viss J\u016bsu atp\u016btai un lab\u0101kajiem dz\u012bves notikumiem. No nak\u0161\u0146o\u0161anas l\u012bdz pat m\u0101kslas baud\u012b\u0161anai R\u012bg\u0101 un J\u016brmal\u0101.","robots":{"index":"index","follow":"follow","max-snippet":"max-snippet:-1","max-image-preview":"max-image-preview:large","max-video-preview":"max-video-preview:-1"},"canonical":"https:\/\/lielupe.semarahhotels.com\/et\/blogi\/","og_locale":"et_EE","og_type":"article","og_title":"Jaunumi, zi\u0146as un notikumi Semarah hotels viesn\u012bc\u0101s!","og_description":"Viss J\u016bsu atp\u016btai un lab\u0101kajiem dz\u012bves notikumiem. No nak\u0161\u0146o\u0161anas l\u012bdz pat m\u0101kslas baud\u012b\u0161anai R\u012bg\u0101 un J\u016brmal\u0101.","og_url":"https:\/\/lielupe.semarahhotels.com\/et\/blogi\/","og_site_name":"Semarah Lielupe","article_publisher":"https:\/\/www.facebook.com\/GrandPoetHotel\/","article_modified_time":"2025-10-10T10:37:08+00:00","twitter_card":"summary_large_image","schema":{"@context":"https:\/\/schema.org","@graph":[{"@type":"WebPage","@id":"https:\/\/lielupe.semarahhotels.com\/et\/blogi\/","url":"https:\/\/lielupe.semarahhotels.com\/et\/blogi\/","name":"Jaunumi, zi\u0146as un notikumi Semarah hotels viesn\u012bc\u0101s!","isPartOf":{"@id":"https:\/\/lielupe.semarahhotels.com\/et\/#website"},"datePublished":"2020-08-26T11:20:39+00:00","dateModified":"2025-10-10T10:37:08+00:00","description":"Viss J\u016bsu atp\u016btai un lab\u0101kajiem dz\u012bves notikumiem. No nak\u0161\u0146o\u0161anas l\u012bdz pat m\u0101kslas baud\u012b\u0161anai R\u012bg\u0101 un J\u016brmal\u0101.","inLanguage":"et","potentialAction":[{"@type":"ReadAction","target":["https:\/\/lielupe.semarahhotels.com\/et\/blogi\/"]}]},{"@type":"WebSite","@id":"https:\/\/lielupe.semarahhotels.com\/et\/#website","url":"https:\/\/lielupe.semarahhotels.com\/et\/","name":"Semarah Lielupe","description":"Semarah","publisher":{"@id":"https:\/\/lielupe.semarahhotels.com\/et\/#organization"},"potentialAction":[{"@type":"SearchAction","target":{"@type":"EntryPoint","urlTemplate":"https:\/\/lielupe.semarahhotels.com\/et\/?s={search_term_string}"},"query-input":{"@type":"PropertyValueSpecification","valueRequired":true,"valueName":"search_term_string"}}],"inLanguage":"et"},{"@type":"Organization","@id":"https:\/\/lielupe.semarahhotels.com\/et\/#organization","name":"Semarah Lielupe","url":"https:\/\/lielupe.semarahhotels.com\/et\/","logo":{"@type":"ImageObject","inLanguage":"et","@id":"https:\/\/lielupe.semarahhotels.com\/et\/#\/schema\/logo\/image\/","url":"https:\/\/lielupe.semarahhotels.com\/wp-content\/uploads\/sites\/3\/2020\/07\/lielupe_logo.svg","contentUrl":"https:\/\/lielupe.semarahhotels.com\/wp-content\/uploads\/sites\/3\/2020\/07\/lielupe_logo.svg","width":"1024","height":"1024","caption":"Semarah Lielupe"},"image":{"@id":"https:\/\/lielupe.semarahhotels.com\/et\/#\/schema\/logo\/image\/"},"sameAs":["https:\/\/www.facebook.com\/GrandPoetHotel\/","https:\/\/www.instagram.com\/grandpoet_by_semarah\/","https:\/\/www.linkedin.com\/company\/semarah-hotels\/","https:\/\/www.youtube.com\/channel\/UCAR3prVpRXUzefyNHB-f-VQ?view_as=subscriber"]}]}},"_links":{"self":[{"href":"https:\/\/lielupe.semarahhotels.com\/et\/wp-json\/wp\/v2\/pages\/56778","targetHints":{"allow":["GET"]}}],"collection":[{"href":"https:\/\/lielupe.semarahhotels.com\/et\/wp-json\/wp\/v2\/pages"}],"about":[{"href":"https:\/\/lielupe.semarahhotels.com\/et\/wp-json\/wp\/v2\/types\/page"}],"author":[{"embeddable":true,"href":"https:\/\/lielupe.semarahhotels.com\/et\/wp-json\/wp\/v2\/users\/1"}],"replies":[{"embeddable":true,"href":"https:\/\/lielupe.semarahhotels.com\/et\/wp-json\/wp\/v2\/comments?post=56778"}],"version-history":[{"count":1,"href":"https:\/\/lielupe.semarahhotels.com\/et\/wp-json\/wp\/v2\/pages\/56778\/revisions"}],"predecessor-version":[{"id":61605,"href":"https:\/\/lielupe.semarahhotels.com\/et\/wp-json\/wp\/v2\/pages\/56778\/revisions\/61605"}],"wp:attachment":[{"href":"https:\/\/lielupe.semarahhotels.com\/et\/wp-json\/wp\/v2\/media?parent=56778"}],"curies":[{"name":"wp","href":"https:\/\/api.w.org\/{rel}","templated":true}]}}