{"id":56774,"date":"2020-08-26T14:20:39","date_gmt":"2020-08-26T11:20:39","guid":{"rendered":"https:\/\/lielupe.semarahhotels.com\/blogs\/"},"modified":"2025-10-10T13:37:06","modified_gmt":"2025-10-10T10:37:06","slug":"blogs","status":"publish","type":"page","link":"https:\/\/lielupe.semarahhotels.com\/en\/blogs\/","title":{"rendered":"Blogs"},"content":{"rendered":"<div class=\"row\"  id=\"row-56556264\">\n\n\t<div id=\"col-308518414\" class=\"col medium-9 small-12 large-9\"  >\n\t\t\t\t<div class=\"col-inner\"  >\n\t\t\t\n\t\t\t\n\n  \n    <div class=\"row large-columns-1 medium-columns-1 small-columns-1\" >\n  <div class=\"col post-item\" >\n\t\t\t<div class=\"col-inner\">\n\t\t\t\t<div class=\"box box-normal box-text-bottom box-blog-post has-hover\">\n            \t\t\t\t\t<div class=\"box-image\" >\n  \t\t\t\t\t\t<div class=\"image-cover\" style=\"padding-top:56%;\">\n\t\t\t\t\t\t\t<a href=\"https:\/\/lielupe.semarahhotels.com\/en\/blogs\/champions-brunch-held-at-lielupe\/\" class=\"plain\" aria-label=\"Champions Brunch Held at Lielupe\">\n\t\t\t\t\t\t\t\t<img loading=\"lazy\" decoding=\"async\" width=\"300\" height=\"168\" src=\"https:\/\/lielupe.semarahhotels.com\/wp-content\/uploads\/sites\/3\/2025\/03\/Lielupe_cempionats-300x168.jpeg\" class=\"attachment-medium size-medium wp-post-image\" alt=\"\" srcset=\"https:\/\/lielupe.semarahhotels.com\/wp-content\/uploads\/sites\/3\/2025\/03\/Lielupe_cempionats-300x168.jpeg 300w, https:\/\/lielupe.semarahhotels.com\/wp-content\/uploads\/sites\/3\/2025\/03\/Lielupe_cempionats-768x431.jpeg 768w, https:\/\/lielupe.semarahhotels.com\/wp-content\/uploads\/sites\/3\/2025\/03\/Lielupe_cempionats.jpeg 980w\" sizes=\"auto, (max-width: 300px) 100vw, 300px\" \/>\t\t\t\t\t\t\t<\/a>\n  \t\t\t\t\t\t\t  \t\t\t\t\t\t\t  \t\t\t\t\t\t<\/div>\n  \t\t\t\t\t\t  \t\t\t\t\t<\/div>\n          \t\t\t\t\t<div class=\"box-text text-left\" >\n\t\t\t\t\t<div class=\"box-text-inner blog-post-inner\">\n\n\t\t\t\t\t\n\t\t\t\t\t\t\t\t\t\t<h5 class=\"post-title is-large \">\n\t\t\t\t\t\t<a href=\"https:\/\/lielupe.semarahhotels.com\/en\/blogs\/champions-brunch-held-at-lielupe\/\" class=\"plain\">Champions Brunch Held at Lielupe<\/a>\n\t\t\t\t\t<\/h5>\n\t\t\t\t\t<div class=\"post-meta is-small op-8\">May 23, 2025<\/div>\t\t\t\t\t<div class=\"is-divider\"><\/div>\n\t\t\t\t\t\t\t\t\t\t<p class=\"from_the_blog_excerpt \">\n\t\t\t\t\t\tAt the beginning of the summer, Lielupe Hotel hosted the &#8220;Champions Brunch,&#8221; and visitors were delighted with the support of Semarah Hotels and the presence of beach volleyball players Aleksandrs Samoilovs and J\u0101nis \u0160m\u0113di\u0146\u0161. The brunch took place on the open terrace with a view of hundred-year-old pine trees. Guests [...]\t\t\t\t\t<\/p>\n\t\t\t\t\t                    \n\t\t\t\t\t\n\t\t\t\t\t\n\t\t\t\t\t<\/div>\n\t\t\t\t\t<\/div>\n\t\t\t\t\t\t\t\t\t<\/div>\n\t\t\t<\/div>\n\t\t<\/div><div class=\"col post-item\" >\n\t\t\t<div class=\"col-inner\">\n\t\t\t\t<div class=\"box box-normal box-text-bottom box-blog-post has-hover\">\n            \t\t\t\t\t<div class=\"box-image\" >\n  \t\t\t\t\t\t<div class=\"image-cover\" style=\"padding-top:56%;\">\n\t\t\t\t\t\t\t<a href=\"https:\/\/lielupe.semarahhotels.com\/en\/blogs\/opening-of-lielupe-by-semarah-hotels\/\" class=\"plain\" aria-label=\"Opening of Lielupe by Semarah Hotels\">\n\t\t\t\t\t\t\t\t<img loading=\"lazy\" decoding=\"async\" width=\"300\" height=\"169\" src=\"https:\/\/lielupe.semarahhotels.com\/wp-content\/uploads\/sites\/3\/2021\/01\/atklasana-new-300x169.jpeg\" class=\"attachment-medium size-medium wp-post-image\" alt=\"\" srcset=\"https:\/\/lielupe.semarahhotels.com\/wp-content\/uploads\/sites\/3\/2021\/01\/atklasana-new-300x169.jpeg 300w, https:\/\/lielupe.semarahhotels.com\/wp-content\/uploads\/sites\/3\/2021\/01\/atklasana-new-1024x578.jpeg 1024w, https:\/\/lielupe.semarahhotels.com\/wp-content\/uploads\/sites\/3\/2021\/01\/atklasana-new-768x434.jpeg 768w, https:\/\/lielupe.semarahhotels.com\/wp-content\/uploads\/sites\/3\/2021\/01\/atklasana-new-1080x610.jpeg 1080w, https:\/\/lielupe.semarahhotels.com\/wp-content\/uploads\/sites\/3\/2021\/01\/atklasana-new-980x553.jpeg 980w, https:\/\/lielupe.semarahhotels.com\/wp-content\/uploads\/sites\/3\/2021\/01\/atklasana-new-480x271.jpeg 480w, https:\/\/lielupe.semarahhotels.com\/wp-content\/uploads\/sites\/3\/2021\/01\/atklasana-new.jpeg 1240w\" sizes=\"auto, (max-width: 300px) 100vw, 300px\" \/>\t\t\t\t\t\t\t<\/a>\n  \t\t\t\t\t\t\t  \t\t\t\t\t\t\t  \t\t\t\t\t\t<\/div>\n  \t\t\t\t\t\t  \t\t\t\t\t<\/div>\n          \t\t\t\t\t<div class=\"box-text text-left\" >\n\t\t\t\t\t<div class=\"box-text-inner blog-post-inner\">\n\n\t\t\t\t\t\n\t\t\t\t\t\t\t\t\t\t<h5 class=\"post-title is-large \">\n\t\t\t\t\t\t<a href=\"https:\/\/lielupe.semarahhotels.com\/en\/blogs\/opening-of-lielupe-by-semarah-hotels\/\" class=\"plain\">Opening of Lielupe by Semarah Hotels<\/a>\n\t\t\t\t\t<\/h5>\n\t\t\t\t\t<div class=\"post-meta is-small op-8\">July 1, 2016<\/div>\t\t\t\t\t<div class=\"is-divider\"><\/div>\n\t\t\t\t\t\t\t\t\t\t<p class=\"from_the_blog_excerpt \">\n\t\t\t\t\t\tA four-star hotel has opened in Jurmala.\t\t\t\t\t<\/p>\n\t\t\t\t\t                    \n\t\t\t\t\t\n\t\t\t\t\t\n\t\t\t\t\t<\/div>\n\t\t\t\t\t<\/div>\n\t\t\t\t\t\t\t\t\t<\/div>\n\t\t\t<\/div>\n\t\t<\/div><\/div>\n\t\t<\/div>\n\t\t\t\t\t<\/div>\n\n\t\n\n\t<div id=\"col-1460555251\" class=\"col medium-3 small-12 large-3\"  >\n\t\t\t\t<div class=\"col-inner\"  >\n\t\t\t\n\t\t\t\n<div class=\"row row-full-width\"  id=\"row-949772577\">\n\n\n\t<div id=\"col-1170195293\" class=\"col small-12 large-12\"  >\n\t\t\t\t<div class=\"col-inner\"  >\n\t\t\t\n\t\t\t\n\n\t<div id=\"text-667615919\" class=\"text\">\n\t\t\n\n<h2>Izv\u0113lieties viesn\u012bcu<\/h2>\n\t\t\n<style>\n#text-667615919 {\n  text-align: center;\n}\n<\/style>\n\t<\/div>\n\t\n\n\t\t<\/div>\n\t\t\t\t\t<\/div>\n\n\t\n\n\t<div id=\"col-1157355908\" class=\"col small-12 large-12\"  >\n\t\t\t\t<div class=\"col-inner\"  >\n\t\t\t\n\t\t\t\n\n\n  <div class=\"banner has-hover active\" id=\"banner-1924754391\">\n          <div class=\"banner-inner fill\">\n        <div class=\"banner-bg fill\" >\n                                    <div class=\"overlay\"><\/div>            \n                    <\/div>\n\t\t\n        <div class=\"banner-layers container\">\n            <a class=\"fill\" href=\"https:\/\/semarahhotels.com\/blogs\/\" target=\"_blank\" rel=\"noopener\" ><div class=\"fill banner-link\"><\/div><\/a>            \n\n   <div id=\"text-box-773324711\" class=\"text-box banner-layer x50 md-x50 lg-x50 y50 md-y50 lg-y50 res-text\">\n                                <div class=\"text-box-content text dark\">\n              \n              <div class=\"text-inner text-center\">\n                  \n\n\t<div class=\"img has-hover x md-x lg-x y md-y lg-y\" id=\"image_1718446565\">\n\t\t\t\t\t\t\t\t<div class=\"img-inner dark\" >\n\t\t\t<img loading=\"lazy\" decoding=\"async\" width=\"1020\" height=\"144\" src=\"https:\/\/lielupe.semarahhotels.com\/wp-content\/uploads\/sites\/3\/2025\/01\/Semarah_black.svg\" class=\"attachment-large size-large\" alt=\"\" \/>\t\t\t\t\t\t\n\t\t\t\t\t<\/div>\n\t\t\t\t\t\t\t\t\n<style>\n#image_1718446565 {\n  width: 100%;\n}\n<\/style>\n\t<\/div>\n\t\n\n\n              <\/div>\n           <\/div>\n                            \n<style>\n#text-box-773324711 {\n  width: 60%;\n}\n#text-box-773324711 .text-box-content {\n  font-size: 100%;\n}\n<\/style>\n    <\/div>\n \n\n        <\/div>\n      <\/div>\n\n            \n<style>\n#banner-1924754391 {\n  padding-top: 80px;\n  background-color: rgba(0, 0, 0, 0.05);\n}\n#banner-1924754391 .overlay {\n  background-color: rgba(0, 0, 0, 0.1);\n}\n<\/style>\n  <\/div>\n\n\n\n\t\t<\/div>\n\t\t\t\t\t<\/div>\n\n\t\n\n\t<div id=\"col-1007946831\" class=\"col small-12 large-12\"  >\n\t\t\t\t<div class=\"col-inner text-center dark\"  >\n\t\t\t\n\t\t\t\n\n\n  <div class=\"banner has-hover active\" id=\"banner-1165007643\">\n          <div class=\"banner-inner fill\">\n        <div class=\"banner-bg fill\" >\n                                    <div class=\"overlay\"><\/div>            \n                    <\/div>\n\t\t\n        <div class=\"banner-layers container\">\n            <a class=\"fill\" href=\"https:\/\/lielupe.semarahhotels.com\/blogs\/\" target=\"_blank\" rel=\"noopener\" ><div class=\"fill banner-link\"><\/div><\/a>            \n\n   <div id=\"text-box-1371904234\" class=\"text-box banner-layer x50 md-x50 lg-x50 y50 md-y50 lg-y50 res-text\">\n                                <div class=\"text-box-content text dark\">\n              \n              <div class=\"text-inner text-center\">\n                  \n\n\t<div class=\"img has-hover x md-x lg-x y md-y lg-y\" id=\"image_1521053412\">\n\t\t\t\t\t\t\t\t<div class=\"img-inner dark\" >\n\t\t\t<img loading=\"lazy\" decoding=\"async\" width=\"1020\" height=\"259\" src=\"https:\/\/lielupe.semarahhotels.com\/wp-content\/uploads\/sites\/3\/2025\/01\/Lielupe_white_V2.svg\" class=\"attachment-large size-large\" alt=\"\" \/>\t\t\t\t\t\t\n\t\t\t\t\t<\/div>\n\t\t\t\t\t\t\t\t\n<style>\n#image_1521053412 {\n  width: 100%;\n}\n<\/style>\n\t<\/div>\n\t\n\n\n              <\/div>\n           <\/div>\n                            \n<style>\n#text-box-1371904234 {\n  width: 44%;\n}\n#text-box-1371904234 .text-box-content {\n  font-size: 100%;\n}\n<\/style>\n    <\/div>\n \n\n        <\/div>\n      <\/div>\n\n            \n<style>\n#banner-1165007643 {\n  padding-top: 80px;\n  background-color: rgba(0, 0, 0, 0.05);\n}\n#banner-1165007643 .overlay {\n  background-color: rgb(69, 75, 79);\n}\n<\/style>\n  <\/div>\n\n\n\n\t\t<\/div>\n\t\t\t\t\t<\/div>\n\n\t\n\n<\/div>\n<div class=\"row row-full-width\"  id=\"row-583283433\">\n\n\n\t<div id=\"col-1633314142\" class=\"col small-12 large-12\"  >\n\t\t\t\t<div class=\"col-inner\"  >\n\t\t\t\n\t\t\t\n\n\n  <div class=\"banner has-hover\" id=\"banner-814141676\">\n          <div class=\"banner-inner fill\">\n        <div class=\"banner-bg fill\" >\n                                    <div class=\"overlay\"><\/div>            \n                    <\/div>\n\t\t\n        <div class=\"banner-layers container\">\n            <a class=\"fill\" href=\"https:\/\/grandpoet.semarahhotels.com\/blogs\/\" target=\"_blank\" rel=\"noopener\" ><div class=\"fill banner-link\"><\/div><\/a>            \n\n   <div id=\"text-box-1899520174\" class=\"text-box banner-layer x50 md-x50 lg-x50 y50 md-y50 lg-y50 res-text\">\n                                <div class=\"text-box-content text dark\">\n              \n              <div class=\"text-inner text-center\">\n                  \n\n\t<div class=\"img has-hover x md-x lg-x y md-y lg-y\" id=\"image_465480701\">\n\t\t\t\t\t\t\t\t<div class=\"img-inner dark\" >\n\t\t\t<img loading=\"lazy\" decoding=\"async\" width=\"1020\" height=\"400\" src=\"https:\/\/lielupe.semarahhotels.com\/wp-content\/uploads\/sites\/3\/2025\/01\/GrandPoet_black.svg\" class=\"attachment-large size-large\" alt=\"\" \/>\t\t\t\t\t\t\n\t\t\t\t\t<\/div>\n\t\t\t\t\t\t\t\t\n<style>\n#image_465480701 {\n  width: 100%;\n}\n<\/style>\n\t<\/div>\n\t\n\n\n              <\/div>\n           <\/div>\n                            \n<style>\n#text-box-1899520174 {\n  width: 45%;\n}\n#text-box-1899520174 .text-box-content {\n  font-size: 100%;\n}\n<\/style>\n    <\/div>\n \n\n        <\/div>\n      <\/div>\n\n            \n<style>\n#banner-814141676 {\n  padding-top: 80px;\n  background-color: rgba(0, 0, 0, 0.05);\n}\n#banner-814141676 .overlay {\n  background-color: rgba(0, 0, 0, 0.1);\n}\n<\/style>\n  <\/div>\n\n\n\n\t\t<\/div>\n\t\t\t\t\t<\/div>\n\n\t\n\n\n<\/div>\n\t\t<\/div>\n\t\t\t\t\t<\/div>\n\n\t\n\n<style>\n#row-56556264 > .col > .col-inner {\n  padding: 40px 0px 0px 0px;\n}\n<\/style>\n<\/div>\n","protected":false},"excerpt":{"rendered":"","protected":false},"author":1,"featured_media":0,"parent":0,"menu_order":45,"comment_status":"closed","ping_status":"closed","template":"page-blank.php","meta":{"_acf_changed":false,"inline_featured_image":false,"footnotes":""},"class_list":["post-56774","page","type-page","status-publish","hentry"],"acf":[],"yoast_head":"<!-- This site is optimized with the Yoast SEO plugin v26.2 - https:\/\/yoast.com\/wordpress\/plugins\/seo\/ -->\n<title>Jaunumi, zi\u0146as un notikumi Semarah hotels viesn\u012bc\u0101s!<\/title>\n<meta name=\"description\" content=\"Viss J\u016bsu atp\u016btai un lab\u0101kajiem dz\u012bves notikumiem. No nak\u0161\u0146o\u0161anas l\u012bdz pat m\u0101kslas baud\u012b\u0161anai R\u012bg\u0101 un J\u016brmal\u0101.\" \/>\n<meta name=\"robots\" content=\"index, follow, max-snippet:-1, max-image-preview:large, max-video-preview:-1\" \/>\n<link rel=\"canonical\" href=\"https:\/\/lielupe.semarahhotels.com\/en\/blogs\/\" \/>\n<meta property=\"og:locale\" content=\"en_US\" \/>\n<meta property=\"og:type\" content=\"article\" \/>\n<meta property=\"og:title\" content=\"Jaunumi, zi\u0146as un notikumi Semarah hotels viesn\u012bc\u0101s!\" \/>\n<meta property=\"og:description\" content=\"Viss J\u016bsu atp\u016btai un lab\u0101kajiem dz\u012bves notikumiem. No nak\u0161\u0146o\u0161anas l\u012bdz pat m\u0101kslas baud\u012b\u0161anai R\u012bg\u0101 un J\u016brmal\u0101.\" \/>\n<meta property=\"og:url\" content=\"https:\/\/lielupe.semarahhotels.com\/en\/blogs\/\" \/>\n<meta property=\"og:site_name\" content=\"Semarah Lielupe\" \/>\n<meta property=\"article:publisher\" content=\"https:\/\/www.facebook.com\/GrandPoetHotel\/\" \/>\n<meta property=\"article:modified_time\" content=\"2025-10-10T10:37:06+00:00\" \/>\n<meta name=\"twitter:card\" content=\"summary_large_image\" \/>\n<script type=\"application\/ld+json\" class=\"yoast-schema-graph\">{\"@context\":\"https:\/\/schema.org\",\"@graph\":[{\"@type\":\"WebPage\",\"@id\":\"https:\/\/lielupe.semarahhotels.com\/en\/blogs\/\",\"url\":\"https:\/\/lielupe.semarahhotels.com\/en\/blogs\/\",\"name\":\"Jaunumi, zi\u0146as un notikumi Semarah hotels viesn\u012bc\u0101s!\",\"isPartOf\":{\"@id\":\"https:\/\/lielupe.semarahhotels.com\/en\/#website\"},\"datePublished\":\"2020-08-26T11:20:39+00:00\",\"dateModified\":\"2025-10-10T10:37:06+00:00\",\"description\":\"Viss J\u016bsu atp\u016btai un lab\u0101kajiem dz\u012bves notikumiem. No nak\u0161\u0146o\u0161anas l\u012bdz pat m\u0101kslas baud\u012b\u0161anai R\u012bg\u0101 un J\u016brmal\u0101.\",\"inLanguage\":\"en-US\",\"potentialAction\":[{\"@type\":\"ReadAction\",\"target\":[\"https:\/\/lielupe.semarahhotels.com\/en\/blogs\/\"]}]},{\"@type\":\"WebSite\",\"@id\":\"https:\/\/lielupe.semarahhotels.com\/en\/#website\",\"url\":\"https:\/\/lielupe.semarahhotels.com\/en\/\",\"name\":\"Semarah Lielupe\",\"description\":\"Semarah\",\"publisher\":{\"@id\":\"https:\/\/lielupe.semarahhotels.com\/en\/#organization\"},\"potentialAction\":[{\"@type\":\"SearchAction\",\"target\":{\"@type\":\"EntryPoint\",\"urlTemplate\":\"https:\/\/lielupe.semarahhotels.com\/en\/?s={search_term_string}\"},\"query-input\":{\"@type\":\"PropertyValueSpecification\",\"valueRequired\":true,\"valueName\":\"search_term_string\"}}],\"inLanguage\":\"en-US\"},{\"@type\":\"Organization\",\"@id\":\"https:\/\/lielupe.semarahhotels.com\/en\/#organization\",\"name\":\"Semarah Lielupe\",\"url\":\"https:\/\/lielupe.semarahhotels.com\/en\/\",\"logo\":{\"@type\":\"ImageObject\",\"inLanguage\":\"en-US\",\"@id\":\"https:\/\/lielupe.semarahhotels.com\/en\/#\/schema\/logo\/image\/\",\"url\":\"https:\/\/lielupe.semarahhotels.com\/wp-content\/uploads\/sites\/3\/2020\/07\/lielupe_logo.svg\",\"contentUrl\":\"https:\/\/lielupe.semarahhotels.com\/wp-content\/uploads\/sites\/3\/2020\/07\/lielupe_logo.svg\",\"width\":\"1024\",\"height\":\"1024\",\"caption\":\"Semarah Lielupe\"},\"image\":{\"@id\":\"https:\/\/lielupe.semarahhotels.com\/en\/#\/schema\/logo\/image\/\"},\"sameAs\":[\"https:\/\/www.facebook.com\/GrandPoetHotel\/\",\"https:\/\/www.instagram.com\/grandpoet_by_semarah\/\",\"https:\/\/www.linkedin.com\/company\/semarah-hotels\/\",\"https:\/\/www.youtube.com\/channel\/UCAR3prVpRXUzefyNHB-f-VQ?view_as=subscriber\"]}]}<\/script>\n<!-- \/ Yoast SEO plugin. -->","yoast_head_json":{"title":"Jaunumi, zi\u0146as un notikumi Semarah hotels viesn\u012bc\u0101s!","description":"Viss J\u016bsu atp\u016btai un lab\u0101kajiem dz\u012bves notikumiem. No nak\u0161\u0146o\u0161anas l\u012bdz pat m\u0101kslas baud\u012b\u0161anai R\u012bg\u0101 un J\u016brmal\u0101.","robots":{"index":"index","follow":"follow","max-snippet":"max-snippet:-1","max-image-preview":"max-image-preview:large","max-video-preview":"max-video-preview:-1"},"canonical":"https:\/\/lielupe.semarahhotels.com\/en\/blogs\/","og_locale":"en_US","og_type":"article","og_title":"Jaunumi, zi\u0146as un notikumi Semarah hotels viesn\u012bc\u0101s!","og_description":"Viss J\u016bsu atp\u016btai un lab\u0101kajiem dz\u012bves notikumiem. No nak\u0161\u0146o\u0161anas l\u012bdz pat m\u0101kslas baud\u012b\u0161anai R\u012bg\u0101 un J\u016brmal\u0101.","og_url":"https:\/\/lielupe.semarahhotels.com\/en\/blogs\/","og_site_name":"Semarah Lielupe","article_publisher":"https:\/\/www.facebook.com\/GrandPoetHotel\/","article_modified_time":"2025-10-10T10:37:06+00:00","twitter_card":"summary_large_image","schema":{"@context":"https:\/\/schema.org","@graph":[{"@type":"WebPage","@id":"https:\/\/lielupe.semarahhotels.com\/en\/blogs\/","url":"https:\/\/lielupe.semarahhotels.com\/en\/blogs\/","name":"Jaunumi, zi\u0146as un notikumi Semarah hotels viesn\u012bc\u0101s!","isPartOf":{"@id":"https:\/\/lielupe.semarahhotels.com\/en\/#website"},"datePublished":"2020-08-26T11:20:39+00:00","dateModified":"2025-10-10T10:37:06+00:00","description":"Viss J\u016bsu atp\u016btai un lab\u0101kajiem dz\u012bves notikumiem. No nak\u0161\u0146o\u0161anas l\u012bdz pat m\u0101kslas baud\u012b\u0161anai R\u012bg\u0101 un J\u016brmal\u0101.","inLanguage":"en-US","potentialAction":[{"@type":"ReadAction","target":["https:\/\/lielupe.semarahhotels.com\/en\/blogs\/"]}]},{"@type":"WebSite","@id":"https:\/\/lielupe.semarahhotels.com\/en\/#website","url":"https:\/\/lielupe.semarahhotels.com\/en\/","name":"Semarah Lielupe","description":"Semarah","publisher":{"@id":"https:\/\/lielupe.semarahhotels.com\/en\/#organization"},"potentialAction":[{"@type":"SearchAction","target":{"@type":"EntryPoint","urlTemplate":"https:\/\/lielupe.semarahhotels.com\/en\/?s={search_term_string}"},"query-input":{"@type":"PropertyValueSpecification","valueRequired":true,"valueName":"search_term_string"}}],"inLanguage":"en-US"},{"@type":"Organization","@id":"https:\/\/lielupe.semarahhotels.com\/en\/#organization","name":"Semarah Lielupe","url":"https:\/\/lielupe.semarahhotels.com\/en\/","logo":{"@type":"ImageObject","inLanguage":"en-US","@id":"https:\/\/lielupe.semarahhotels.com\/en\/#\/schema\/logo\/image\/","url":"https:\/\/lielupe.semarahhotels.com\/wp-content\/uploads\/sites\/3\/2020\/07\/lielupe_logo.svg","contentUrl":"https:\/\/lielupe.semarahhotels.com\/wp-content\/uploads\/sites\/3\/2020\/07\/lielupe_logo.svg","width":"1024","height":"1024","caption":"Semarah Lielupe"},"image":{"@id":"https:\/\/lielupe.semarahhotels.com\/en\/#\/schema\/logo\/image\/"},"sameAs":["https:\/\/www.facebook.com\/GrandPoetHotel\/","https:\/\/www.instagram.com\/grandpoet_by_semarah\/","https:\/\/www.linkedin.com\/company\/semarah-hotels\/","https:\/\/www.youtube.com\/channel\/UCAR3prVpRXUzefyNHB-f-VQ?view_as=subscriber"]}]}},"_links":{"self":[{"href":"https:\/\/lielupe.semarahhotels.com\/en\/wp-json\/wp\/v2\/pages\/56774","targetHints":{"allow":["GET"]}}],"collection":[{"href":"https:\/\/lielupe.semarahhotels.com\/en\/wp-json\/wp\/v2\/pages"}],"about":[{"href":"https:\/\/lielupe.semarahhotels.com\/en\/wp-json\/wp\/v2\/types\/page"}],"author":[{"embeddable":true,"href":"https:\/\/lielupe.semarahhotels.com\/en\/wp-json\/wp\/v2\/users\/1"}],"replies":[{"embeddable":true,"href":"https:\/\/lielupe.semarahhotels.com\/en\/wp-json\/wp\/v2\/comments?post=56774"}],"version-history":[{"count":1,"href":"https:\/\/lielupe.semarahhotels.com\/en\/wp-json\/wp\/v2\/pages\/56774\/revisions"}],"predecessor-version":[{"id":61604,"href":"https:\/\/lielupe.semarahhotels.com\/en\/wp-json\/wp\/v2\/pages\/56774\/revisions\/61604"}],"wp:attachment":[{"href":"https:\/\/lielupe.semarahhotels.com\/en\/wp-json\/wp\/v2\/media?parent=56774"}],"curies":[{"name":"wp","href":"https:\/\/api.w.org\/{rel}","templated":true}]}}